{"id":90,"date":"2021-01-12T17:54:38","date_gmt":"2021-01-12T20:54:38","guid":{"rendered":"http:\/\/192.168.1.55\/larn.ch\/?page_id=90"},"modified":"2025-01-30T18:04:03","modified_gmt":"2025-01-30T21:04:03","slug":"medias","status":"publish","type":"page","link":"https:\/\/rosenouvelledenyon.ch\/en\/medias\/","title":{"rendered":"Medias"},"content":{"rendered":"<div class=\"wpb-content-wrapper\"><p>[vc_row full_width=&#8221;stretch_row_content_no_spaces&#8221; css=&#8221;.vc_custom_1692714547923{padding-top: 150px !important;padding-right: 0px !important;padding-bottom: 150px !important;background-image: url(https:\/\/rosenouvelledenyon.ch\/wp-content\/uploads\/2021\/01\/shutterstock_309733202-web.jpg?id=426) !important;background-position: center !important;background-repeat: no-repeat !important;background-size: cover !important;}&#8221;][vc_column][vc_column_text][\/vc_column_text][\/vc_column][\/vc_row][vc_column][\/vc_column][vc_row][vc_column]<div class=\"ult-spacer spacer-69d77e454f27e\" data-id=\"69d77e454f27e\" data-height=\"40\" data-height-mobile=\"40\" data-height-tab=\"40\" data-height-tab-portrait=\"\" data-height-mobile-landscape=\"\" style=\"clear:both;display:block;\"><\/div>[\/vc_column][\/vc_row][vc_row][vc_column width=&#8221;1\/4&#8243;][vc_single_image image=&#8221;520&#8243; img_size=&#8221;medium&#8221;][\/vc_column][vc_column width=&#8221;3\/4&#8243;][vc_column_text]<\/p>\n<div class=\"vc_row wpb_row section vc_row-fluid vc_inner vc_custom_1579800116661\">\n<div class=\" full_section_inner clearfix\">\n<div class=\"wpb_column vc_column_container vc_col-sm-12\">\n<div class=\"vc_column-inner\">\n<div class=\"wpb_wrapper\">\n<div class=\"wpb_text_column wpb_content_element \">\n<div class=\"wpb_wrapper\">\n<h4>PRESS RELEASE<br \/>\nFollow the contest with the media<\/h4>\n<\/div>\n<\/div>\n<\/div>\n<\/div>\n<\/div>\n<\/div>\n<\/div>\n<p>[\/vc_column_text][vc_separator color=&#8221;black&#8221;]<div class=\"ult-spacer spacer-69d77e454f28e\" data-id=\"69d77e454f28e\" data-height=\"40\" data-height-mobile=\"40\" data-height-tab=\"40\" data-height-tab-portrait=\"\" data-height-mobile-landscape=\"\" style=\"clear:both;display:block;\"><\/div>[vc_tta_accordion][vc_tta_section title=&#8221;2025&#8243; tab_id=&#8221;1692707564517-5cae00cc-64cb&#8221;][vc_column_text css=&#8221;&#8221;]<a href=\"https:\/\/rosenouvelledenyon.ch\/wp-content\/uploads\/2025\/01\/2025_CIRNN-2024_in_Rozenkring.pdf\">ROZENKRING<\/a>[\/vc_column_text][\/vc_tta_section][\/vc_tta_accordion][vc_column_text][\/vc_column_text][\/vc_column][\/vc_row][vc_row][vc_column][vc_separator][vc_tta_accordion][vc_tta_section title=&#8221;2024&#8243; tab_id=&#8221;1738270774854-7453c9fa-47ee&#8221;][vc_column_text css=&#8221;&#8221;]<a href=\"https:\/\/rosenouvelledenyon.ch\/wp-content\/uploads\/2024\/07\/morge-tourisme.pdf\">MORGE TOURISME<\/a><a href=\"https:\/\/rosenouvelledenyon.ch\/wp-content\/uploads\/2024\/07\/2024_07_22_Roseraie_de_Nyon_a_visiter.pdf\"><br \/>\n<\/a>Bl\u00fctenshau am Genfersee<\/p>\n<p><a href=\"https:\/\/rosenouvelledenyon.ch\/wp-content\/uploads\/2024\/07\/2024_07_22_Roseraie_de_Nyon_a_visiter.pdf\">LA LIBERT\u00c9<\/a><br \/>\nRoseraie de Nyon to visit<\/p>\n<p><a href=\"https:\/\/www.lacote.ch\/vaud\/la-cote\/nyon-district\/nyon-commune\/la-rose-dor-de-nyon-a-attire-les-aficionados-des-belles-plantes-1398692\">LA C\u00d4TE<\/a><br \/>\nThe Rose d&#8217;or de Nyon attracted aficionados of beautiful plants<\/p>\n<p><a href=\"https:\/\/www.rts.ch\/audio-podcast\/2024\/audio\/la-rose-star-des-festivals-28524173.html?id=28524173\">Monsieur Jardinier &#8211; RSR<\/a><br \/>\nThe rose star of festivals<\/p>\n<p><a href=\"https:\/\/www.20min.ch\/fr\/story\/vaud-la-rose-dor-de-nyon-est-de-couleur-vanille-103127614\">20 Minutes<\/a><br \/>\nThe golden rose is vanilla in colour<\/p>\n<p><a href=\"https:\/\/www.rhonefm.ch\/suisse\/la-ville-de-nyon-lance-la-5e-edition-de-son-concours-de-la-rose-501893\">Rhone FM<\/a><br \/>\nThe town of Nyon launches the 5th edition of its rose competition<\/p>\n<p><a href=\"https:\/\/www.rts.ch\/audio-podcast\/2024\/audio\/des-roses-pour-un-jury-de-jeunes-passionnes-28540179.html\">RTS<\/a><br \/>\nRoses for a jury of young enthusiasts<\/p>\n<p><a href=\"https:\/\/www.lacote.ch\/vaud\/la-cote\/nyon-district\/nyon-commune\/la-plus-belle-rose-de-nyon-est-couleur-vanille-1397061\">LA C\u00d4TE<\/a><br \/>\nThe most beautiful rose in Nyon is vanilla coloured<\/p>\n<p><a href=\"https:\/\/www.lfm.ch\/actualite\/suisse\/romandie\/vaud\/la-ville-de-nyon-lance-la-5e-edition-de-son-concours-de-la-rose\/\">LFM<\/a><br \/>\nThe town of Nyon launches the 5th edition of its rose competition[\/vc_column_text][\/vc_tta_section][\/vc_tta_accordion][vc_tta_accordion][vc_tta_section title=&#8221;2023&#8243; tab_id=&#8221;1692714582504-1aa84c37-a579&#8243;][vc_column_text css=&#8221;&#8221;]<\/p>\n<div class=\"vc_row wpb_row section vc_row-fluid vc_inner \">\n<div class=\" full_section_inner clearfix\">\n<div class=\"wpb_column vc_column_container vc_col-sm-12\">\n<div class=\"vc_column-inner\">\n<div class=\"wpb_wrapper\">\n<div class=\"wpb_text_column wpb_content_element \">\n<div class=\"wpb_wrapper\">\n<div class=\"wpb_wrapper\">\n<div class=\"wpb_text_column wpb_content_element \">\n<div class=\"wpb_wrapper\">\n<div class=\"wpb_wrapper\">\n<h4><a href=\"https:\/\/rosenouvelledenyon.ch\/wp-content\/uploads\/2023\/08\/LaCote20230615.pdf\">LA C\u00d4TE<\/a><\/h4>\n<p>Nearly 90 roses in competition<\/p>\n<h4><a href=\"https:\/\/rosenouvelledenyon.ch\/wp-content\/uploads\/2023\/08\/gplus_romandie_02-2023_44.pdf\">GPLUS<\/a><\/h4>\n<p>Ecosystem roses, real biodiversity accelerators<\/p>\n<p>&nbsp;<\/p>\n<\/div>\n<p><strong><a href=\"https:\/\/rosenouvelledenyon.ch\/wp-content\/uploads\/2023\/08\/2023_6_16_Kultur-kompakt.mp3\">SFR KULTUR KOMPAKT (audio)<\/a><\/strong><\/p>\n<p>&nbsp;<\/p>\n<p><strong><a href=\"https:\/\/youtu.be\/R-AHTZjNeog\">LA T\u00c9L\u00c9 (video)<\/a><\/strong><\/p>\n<p>Fribourg Home Made<\/p>\n<\/div>\n<\/div>\n<div class=\"wpb_text_column wpb_content_element \">\n<div class=\"wpb_wrapper\">\n<div class=\"wpb_wrapper\">\n<p>&nbsp;<\/p>\n<p><strong>ON-LINE PRESS:<\/strong><\/p>\n<p><a href=\"https:\/\/news.dayfr.com\/international\/1982148.html\">https:\/\/news.dayfr.com\/international\/1982148.html<\/a><\/p>\n<p><a href=\"https:\/\/www.lacote.ch\/vaud\/la-cote\/nyon-district\/nyon-commune\/des-roses-du-monde-entier-prennent-racine-a-nyon-1296803\">https:\/\/www.lacote.ch\/vaud\/la-cote\/nyon-district\/nyon-commune\/des-roses-du-monde-entier-prennent-racine-a-nyon-1296803<\/a><\/p>\n<p><a href=\"https:\/\/www.nyon.ch\/actualites\/avec-son-concours-de-la-rose-nouvelle-et-son-label-zero-traitement-nyon-montre-lexemple-en-matiere-de-protection-de-la-biodiversite-13945\">https:\/\/www.nyon.ch\/actualites\/avec-son-concours-de-la-rose-nouvelle-et-son-label-zero-traitement-nyon-montre-lexemple-en-matiere-de-protection-de-la-biodiversite-13945<\/a><\/p>\n<p><a href=\"https:\/\/www.lfm.ch\/actualite\/suisse\/romandie\/vaud\/concours-89-varietes-de-roses-ont-ete-jugees-a-nyon\/\">https:\/\/www.lfm.ch\/actualite\/suisse\/romandie\/vaud\/concours-89-varietes-de-roses-ont-ete-jugees-a-nyon\/<\/a><\/p>\n<p>&nbsp;<\/p>\n<p>&nbsp;<\/p>\n<\/div>\n<\/div>\n<\/div>\n<div class=\"wpb_text_column wpb_content_element \">\n<p>&nbsp;<\/p>\n<\/div>\n<\/div>\n<\/div>\n<\/div>\n<div class=\"wpb_text_column wpb_content_element \">\n<p>&nbsp;<\/p>\n<\/div>\n<\/div>\n<\/div>\n<\/div>\n<\/div>\n<\/div>\n<p>[\/vc_column_text][\/vc_tta_section][vc_tta_section title=&#8221;2022&#8243; tab_id=&#8221;1718717790700-02869bd9-eff7&#8243;][vc_column_text]<\/p>\n<div class=\"vc_row wpb_row section vc_row-fluid vc_inner \">\n<div class=\" full_section_inner clearfix\">\n<div class=\"wpb_column vc_column_container vc_col-sm-12\">\n<div class=\"vc_column-inner\">\n<div class=\"wpb_wrapper\">\n<div class=\"wpb_text_column wpb_content_element \">\n<div class=\"wpb_wrapper\">\n<div class=\"wpb_wrapper\">\n<h4><a href=\"https:\/\/rosenouvelledenyon.ch\/wp-content\/uploads\/2023\/08\/La-Cote.jpeg\">LA C\u00d4TE<\/a><\/h4>\n<p>Discover the world&#8217;s most beautiful roses<\/p>\n<h4><a href=\"https:\/\/rosenouvelledenyon.ch\/wp-content\/uploads\/2023\/08\/Terre_et_nature.pdf\">TERRE ET NATURE<\/a><\/h4>\n<p>A horticultural competition but without treatment<\/p>\n<h4><a href=\"https:\/\/rosenouvelledenyon.ch\/wp-content\/uploads\/2023\/08\/Gplus_romandie_annonce_portes_ouvertes.pdf\">GPLUS<\/a><\/h4>\n<p>3rd International Rose Trial in Nyon<\/p>\n<h4><a href=\"https:\/\/rosenouvelledenyon.ch\/wp-content\/uploads\/2023\/08\/scan-rosenblatt.pdf\">ROSENBLATT<\/a><\/h4>\n<p>International Rose Trial in Nyon<\/p>\n<h4><a href=\"https:\/\/rosenouvelledenyon.ch\/wp-content\/uploads\/2023\/08\/JURY-JR-261.pdf\">JARDIN ROMAND<\/a><\/h4>\n<p>Switzerland&#8217;s first apprentice jury<\/p>\n<p>&nbsp;<\/p>\n<\/div>\n<\/div>\n<\/div>\n<div class=\"wpb_text_column wpb_content_element \">\n<p>&nbsp;<\/p>\n<\/div>\n<\/div>\n<\/div>\n<\/div>\n<\/div>\n<\/div>\n<p>[\/vc_column_text][\/vc_tta_section][\/vc_tta_accordion][vc_tta_accordion][vc_tta_section title=&#8221;2021&#8243; tab_id=&#8221;1692709130328-c7c976fa-a82d&#8221;][vc_column_text]<\/p>\n<div class=\"vc_row wpb_row section vc_row-fluid vc_inner \">\n<div class=\" full_section_inner clearfix\">\n<div class=\"wpb_column vc_column_container vc_col-sm-12\">\n<div class=\"vc_column-inner\">\n<div class=\"wpb_wrapper\">\n<div class=\"wpb_text_column wpb_content_element \">\n<div class=\"wpb_wrapper\">\n<div class=\"wpb_wrapper\">\n<h4><a href=\"https:\/\/rosenouvelledenyon.ch\/wp-content\/uploads\/2022\/01\/2022_1_26_Rozenkring_p14-17.pdf\">ROZENKRING<\/a><\/h4>\n<p>De International trials of New Rose van Nyon<\/p>\n<h4><a href=\"https:\/\/rosenouvelledenyon.ch\/wp-content\/uploads\/2021\/11\/2021_9_extrait_World-Rose-News.pdf\">WORLD ROSE NEWS<\/a><\/h4>\n<p>Excerpt of the September 2021 newsletter<\/p>\n<h4><a href=\"https:\/\/rosenouvelledenyon.ch\/wp-content\/uploads\/2021\/08\/gplus_R_04-21_25-30_CIRNN.pdf\">GPLUS<\/a><\/h4>\n<p>4\/2021 edition &#8211; The best new roses certified &#8220;zero treatment&#8221;<\/p>\n<h4><a href=\"https:\/\/rosenouvelledenyon.ch\/wp-content\/uploads\/2021\/08\/2021_08_Bestseller_August_21_Concours.pdf\">MEYER&#8217;S BESTSELLER<\/a><\/h4>\n<p>August, 2021 Edition &#8211; &#8220;Concours de la Rose d&#8217;Or&#8221; in Nyon<\/p>\n<h4><a href=\"https:\/\/www.planteria.eu\/news\/2240\/the-value-of-zero-treatment\">PLANTERIA<\/a><\/h4>\n<p>11 of July, 2021<\/p>\n<h4><a href=\"https:\/\/rosenouvelledenyon.ch\/wp-content\/uploads\/2021\/07\/2021_7_2_La_Liberte\u0301_portes_ouvertes.pdf\">LA LIBERT\u00c9<\/a><\/h4>\n<p>2 of July, 2021\u00a0 &#8211; Roses that don&#8217;t fear anything<\/p>\n<h4><a href=\"https:\/\/rosenouvelledenyon.ch\/wp-content\/uploads\/2021\/07\/2021_6_29_La-Co\u0302te.pdf\">LA C\u00d4TE<\/a><\/h4>\n<p>29 of June, 2021<\/p>\n<h4><a href=\"https:\/\/www.worldradio.ch\/listen-again\/dig-it\/episode\/talking-roses\/\">WORLD RADIO<\/a><\/h4>\n<\/div>\n<p>24 of June, 2021 &#8211; Live with Hester Mcdonald &#8211; Talking roses<\/p>\n<div class=\"wpb_wrapper\">\n<h4><a href=\"https:\/\/rosenouvelledenyon.ch\/wp-content\/uploads\/2021\/07\/20210624-TERRE_NATU-TN4-002_001.pdf\">TERRE ET NATURE<\/a><\/h4>\n<\/div>\n<p>24 of June, 2021- The important thing is the rose&#8230; without treatment<\/p>\n<h4><a href=\"https:\/\/rosenouvelledenyon.ch\/wp-content\/uploads\/2021\/07\/La-Co\u0302te-20210624-1.pdf\">LA C\u00d4TE<\/a><\/h4>\n<p>24 of June, 2021 &#8211; Nyon is looking for the perfect rose<\/p>\n<h4><a href=\"https:\/\/www.24heures.ch\/a-nyon-les-belles-roses-sont-garanties-sans-pesticide-647307860098\">24 HEURES<\/a><\/h4>\n<p>23 of June, 2021 &#8211; In Nyon, beautiful roses are guaranteed pesticide-free<\/p>\n<h4><a href=\"https:\/\/www.bluewin.ch\/fr\/infos\/regional\/nyon-vd-lance-la-deuxi-me-dition-du-concours-de-la-rose-nouvelle-766125.html\">BLUE WIN<\/a><\/h4>\n<p>22 of June, 2021 &#8211; Nyon launches the second edition of the new rose competition<\/p>\n<h4><a href=\"https:\/\/www.lfm.ch\/actualite\/vaud\/nyon-lance-la-deuxieme-edition-du-concours-de-la-rose-nouvelle\/\">LFM RADIO <\/a><\/h4>\n<p>22 of June, 2021 &#8211; Nyon launches the second edition of the new rose competition<\/p>\n<\/div>\n<\/div>\n<div class=\"wpb_text_column wpb_content_element \">\n<div class=\"wpb_wrapper\">\n<h4><a href=\"https:\/\/rosenouvelledenyon.ch\/wp-content\/uploads\/2021\/02\/Rozenkring-25-1-DRUK.pdf\">ROZENKRING<\/a><\/h4>\n<p>Edition du 25 janvier 2021<\/p>\n<p>&nbsp;<\/p>\n<\/div>\n<\/div>\n<div class=\"wpb_text_column wpb_content_element \">\n<div class=\"wpb_wrapper\"><\/div>\n<\/div>\n<div class=\"wpb_text_column wpb_content_element \">\n<div class=\"wpb_wrapper\"><\/div>\n<\/div>\n<div class=\"wpb_text_column wpb_content_element \">\n<p>&nbsp;<\/p>\n<\/div>\n<\/div>\n<\/div>\n<\/div>\n<\/div>\n<\/div>\n<p>[\/vc_column_text][\/vc_tta_section][\/vc_tta_accordion][\/vc_column][\/vc_row][vc_row][vc_column][vc_tta_accordion][vc_tta_section title=&#8221;2020&#8243; tab_id=&#8221;1625515010630-896485e7-f043&#8243;][vc_column_text]<\/p>\n<div class=\"wpb_text_column wpb_content_element \">\n<div class=\"wpb_wrapper\">\n<h4><a href=\"https:\/\/rosenouvelledenyon.ch\/wp-content\/uploads\/2021\/02\/LaCo\u0302te_20200626.pdf\">LA C\u00d4TE<\/a><\/h4>\n<p>Edition du 26 juin 2020<\/p>\n<\/div>\n<\/div>\n<div class=\"wpb_text_column wpb_content_element \">\n<div class=\"wpb_wrapper\">\n<h4><a href=\"https:\/\/rosenouvelledenyon.ch\/wp-content\/uploads\/2021\/01\/24HEURES.pdf\">24HEURES<\/a><\/h4>\n<p>Edition du 26 juin 2020<\/p>\n<\/div>\n<\/div>\n<p>[\/vc_column_text][\/vc_tta_section][vc_tta_section title=&#8221;2019&#8243; tab_id=&#8221;1625515010643-154aff90-258a&#8221;][vc_column_text]<\/p>\n<div class=\"wpb_text_column wpb_content_element \">\n<div class=\"wpb_wrapper\">\n<h4><a href=\"https:\/\/rosenouvelledenyon.ch\/wp-content\/uploads\/2021\/01\/TERRE-NATURE.pdf\">TERRE &amp; NATURE<\/a><\/h4>\n<p>Edition du 12 septembre 2019<\/p>\n<\/div>\n<\/div>\n<div class=\"vc_empty_space\"><\/div>\n<div class=\"wpb_text_column wpb_content_element \">\n<div class=\"wpb_wrapper\">\n<h4><a href=\"https:\/\/www.rts.ch\/play\/tv\/passe-moi-les-jumelles\/video\/au-nom-de-la-rose?id=10684759\">PAJU (PASSE-MOI LES JUMELLES) SUR LA RTS<\/a><\/h4>\n<p>Emission du 6 septembre 2019<\/p>\n<\/div>\n<\/div>\n<div class=\"vc_empty_space\"><\/div>\n<div class=\"wpb_text_column wpb_content_element \">\n<div class=\"wpb_wrapper\">\n<h4><a href=\"https:\/\/rosenouvelledenyon.ch\/wp-content\/uploads\/2021\/01\/LA-COTE-scaled.jpg\">LA C\u00d4TE<\/a><\/h4>\n<p>Edition du 12 juin 2019<\/p>\n<\/div>\n<\/div>\n<div class=\"vc_empty_space\"><\/div>\n<div class=\"wpb_text_column wpb_content_element \">\n<div class=\"wpb_wrapper\">\n<h4><a href=\"https:\/\/rosenouvelledenyon.ch\/wp-content\/uploads\/2021\/01\/24heures_20190612.pdf\">24HEURES<\/a><\/h4>\n<p>Edition du 12 juin 2019<\/p>\n<\/div>\n<\/div>\n<div class=\"vc_empty_space\"><\/div>\n<div class=\"wpb_text_column wpb_content_element \">\n<div class=\"wpb_wrapper\">\n<h4><a href=\"https:\/\/rosenouvelledenyon.ch\/wp-content\/uploads\/2021\/01\/gplus_rom_419.jpeg\">GPLUS ROMANDIE<\/a><\/h4>\n<p>Parution juin 2019<\/p>\n<\/div>\n<\/div>\n<div class=\"vc_empty_space\"><\/div>\n<div class=\"wpb_text_column wpb_content_element \">\n<div class=\"wpb_wrapper\">\n<h4><a href=\"https:\/\/www.facebook.com\/NyonRegionTV\/videos\/372786063367008\/\">NRTV (NYON R\u00c9GION TV)<\/a><\/h4>\n<p>Emission du 12 juin 2019<\/p>\n<\/div>\n<\/div>\n<div class=\"vc_empty_space\"><\/div>\n<div class=\"wpb_text_column wpb_content_element \">\n<div class=\"wpb_wrapper\">\n<h4><a href=\"https:\/\/rosenouvelledenyon.ch\/wp-content\/uploads\/2021\/01\/Hester-STUDIO.mp3\">HESTER MCDONALD, REPORTAGE AUDIO<\/a><\/h4>\n<p>12 juin 2019<\/p>\n<\/div>\n<\/div>\n<div class=\"vc_empty_space\"><\/div>\n<div class=\"wpb_text_column wpb_content_element \">\n<div class=\"wpb_wrapper\">\n<h4><a href=\"https:\/\/livinginnyon.com\/a-world-first-for-roses-in-nyon\/\">LIVING IN NYON<\/a><\/h4>\n<p>Parution du 12 juin 2019<\/p>\n<\/div>\n<\/div>\n<div class=\"vc_empty_space\"><\/div>\n<div class=\"wpb_text_column wpb_content_element \">\n<div class=\"wpb_wrapper\">\n<h4><a href=\"https:\/\/twnews.ch\/ch-news\/au-nom-de-la-rose-nyon-prend-le-relais-de-geneve\">THE WORLD NEWS (SUISSE)<\/a><\/h4>\n<p>Parution du 12 juin 2019<\/p>\n<\/div>\n<\/div>\n<div class=\"vc_empty_space\"><\/div>\n<div class=\"wpb_text_column wpb_content_element \">\n<div class=\"wpb_wrapper\">\n<h4><a href=\"https:\/\/rosenouvelledenyon.ch\/wp-content\/uploads\/2021\/01\/CP-concours-rose-nouvelle-20190611-1.pdf\">COMMUNIQU\u00c9 DE PRESSE\u00a0<\/a><\/h4>\n<p>11 juin 2019<\/p>\n<\/div>\n<p>&nbsp;<\/p>\n<\/div>\n<p>[\/vc_column_text][\/vc_tta_section][\/vc_tta_accordion][\/vc_column][\/vc_row]<\/p>\n<\/div>","protected":false},"excerpt":{"rendered":"<p>[vc_row full_width=&#8221;stretch_row_content_no_spaces&#8221; css=&#8221;.vc_custom_1692714547923{padding-top: 150px !important;padding-right: 0px !important;padding-bottom: 150px !important;background-image: url(https:\/\/rosenouvelledenyon.ch\/wp-content\/uploads\/2021\/01\/shutterstock_309733202-web.jpg?id=426) !important;background-position: center !important;background-repeat: no-repeat !important;background-size: cover !important;}&#8221;][vc_column][vc_column_text][\/vc_column_text][\/vc_column][\/vc_row][vc_column][\/vc_column][vc_row][vc_column][\/vc_column][\/vc_row][vc_row][vc_column width=&#8221;1\/4&#8243;][vc_single_image image=&#8221;520&#8243; img_size=&#8221;medium&#8221;][\/vc_column][vc_column width=&#8221;3\/4&#8243;][vc_column_text] PRESS RELEASE Follow the contest with the media [\/vc_column_text][vc_separator color=&#8221;black&#8221;][vc_tta_accordion][vc_tta_section title=&#8221;2025&#8243; tab_id=&#8221;1692707564517-5cae00cc-64cb&#8221;][vc_column_text css=&#8221;&#8221;]ROZENKRING[\/vc_column_text][\/vc_tta_section][\/vc_tta_accordion][vc_column_text][\/vc_column_text][\/vc_column][\/vc_row][vc_row][vc_column][vc_separator][vc_tta_accordion][vc_tta_section title=&#8221;2024&#8243; tab_id=&#8221;1738270774854-7453c9fa-47ee&#8221;][vc_column_text css=&#8221;&#8221;]MORGE TOURISME Bl\u00fctenshau am Genfersee LA LIBERT\u00c9 Roseraie de Nyon to visit LA C\u00d4TE The Rose d&#8217;or de Nyon [&hellip;]<\/p>\n","protected":false},"author":1,"featured_media":0,"parent":0,"menu_order":0,"comment_status":"closed","ping_status":"closed","template":"fullwidth.php","meta":{"_seopress_robots_primary_cat":"","_seopress_titles_title":"","_seopress_titles_desc":"","_seopress_robots_index":"","footnotes":""},"class_list":["post-90","page","type-page","status-publish","hentry"],"jetpack_sharing_enabled":true,"_links":{"self":[{"href":"https:\/\/rosenouvelledenyon.ch\/en\/wp-json\/wp\/v2\/pages\/90","targetHints":{"allow":["GET"]}}],"collection":[{"href":"https:\/\/rosenouvelledenyon.ch\/en\/wp-json\/wp\/v2\/pages"}],"about":[{"href":"https:\/\/rosenouvelledenyon.ch\/en\/wp-json\/wp\/v2\/types\/page"}],"author":[{"embeddable":true,"href":"https:\/\/rosenouvelledenyon.ch\/en\/wp-json\/wp\/v2\/users\/1"}],"replies":[{"embeddable":true,"href":"https:\/\/rosenouvelledenyon.ch\/en\/wp-json\/wp\/v2\/comments?post=90"}],"version-history":[{"count":169,"href":"https:\/\/rosenouvelledenyon.ch\/en\/wp-json\/wp\/v2\/pages\/90\/revisions"}],"predecessor-version":[{"id":2647,"href":"https:\/\/rosenouvelledenyon.ch\/en\/wp-json\/wp\/v2\/pages\/90\/revisions\/2647"}],"wp:attachment":[{"href":"https:\/\/rosenouvelledenyon.ch\/en\/wp-json\/wp\/v2\/media?parent=90"}],"curies":[{"name":"wp","href":"https:\/\/api.w.org\/{rel}","templated":true}]}}